{"id":270,"date":"2021-05-10T14:21:35","date_gmt":"2021-05-10T14:21:35","guid":{"rendered":"https:\/\/hainwerk.de\/?page_id=270"},"modified":"2021-05-10T15:13:45","modified_gmt":"2021-05-10T15:13:45","slug":"indoor","status":"publish","type":"page","link":"https:\/\/hainwerk.de\/?page_id=270","title":{"rendered":"INDOOR"},"content":{"rendered":"\n<p><a href=\"https:\/\/hainwerk.de\/?page_id=232\" data-type=\"URL\" data-id=\"https:\/\/hainwerk.de\/?page_id=232\">B\u00c4DER<\/a><\/p>\n\n\n\n<p><a href=\"https:\/\/hainwerk.de\/?page_id=236\" data-type=\"URL\" data-id=\"https:\/\/hainwerk.de\/?page_id=236\">B\u00d6DEN<\/a><\/p>\n\n\n\n<p><a href=\"https:\/\/hainwerk.de\/?page_id=280\" data-type=\"URL\" data-id=\"https:\/\/hainwerk.de\/?page_id=280\">CAD PLANUNG &amp; KOORDINATION<\/a><\/p>\n\n\n\n<p><a href=\"https:\/\/hainwerk.de\/?page_id=282\" data-type=\"URL\" data-id=\"https:\/\/hainwerk.de\/?page_id=282\">FARBEN &amp; PUTZ<\/a><\/p>\n\n\n\n<p><a href=\"https:\/\/hainwerk.de\/?page_id=284\" data-type=\"URL\" data-id=\"https:\/\/hainwerk.de\/?page_id=284\">M\u00d6BELBAU<\/a><\/p>\n\n\n\n<p><a href=\"https:\/\/hainwerk.de\/?page_id=286\" data-type=\"URL\" data-id=\"https:\/\/hainwerk.de\/?page_id=286\">RESTAURATION<\/a><\/p>\n\n\n\n<p><a href=\"https:\/\/hainwerk.de\/?page_id=234\" data-type=\"URL\" data-id=\"https:\/\/hainwerk.de\/?page_id=234\">TROCKENBAU<\/a><\/p>\n\n\n\n<p><\/p>\n","protected":false},"excerpt":{"rendered":"<p>B\u00c4DER B\u00d6DEN CAD PLANUNG &amp; KOORDINATION FARBEN &amp; PUTZ M\u00d6BELBAU RESTAURATION TROCKENBAU<\/p>\n","protected":false},"author":1,"featured_media":0,"parent":0,"menu_order":0,"comment_status":"closed","ping_status":"closed","template":"","meta":[],"_links":{"self":[{"href":"https:\/\/hainwerk.de\/index.php?rest_route=\/wp\/v2\/pages\/270"}],"collection":[{"href":"https:\/\/hainwerk.de\/index.php?rest_route=\/wp\/v2\/pages"}],"about":[{"href":"https:\/\/hainwerk.de\/index.php?rest_route=\/wp\/v2\/types\/page"}],"author":[{"embeddable":true,"href":"https:\/\/hainwerk.de\/index.php?rest_route=\/wp\/v2\/users\/1"}],"replies":[{"embeddable":true,"href":"https:\/\/hainwerk.de\/index.php?rest_route=%2Fwp%2Fv2%2Fcomments&post=270"}],"version-history":[{"count":2,"href":"https:\/\/hainwerk.de\/index.php?rest_route=\/wp\/v2\/pages\/270\/revisions"}],"predecessor-version":[{"id":336,"href":"https:\/\/hainwerk.de\/index.php?rest_route=\/wp\/v2\/pages\/270\/revisions\/336"}],"wp:attachment":[{"href":"https:\/\/hainwerk.de\/index.php?rest_route=%2Fwp%2Fv2%2Fmedia&parent=270"}],"curies":[{"name":"wp","href":"https:\/\/api.w.org\/{rel}","templated":true}]}}